{"id":989,"date":"2025-03-02T19:35:22","date_gmt":"2025-03-02T19:35:22","guid":{"rendered":"https:\/\/freshdesign.lv\/?page_id=989"},"modified":"2025-03-02T19:35:22","modified_gmt":"2025-03-02T19:35:22","slug":"privatuma-politika","status":"publish","type":"page","link":"https:\/\/freshdesign.lv\/?page_id=989","title":{"rendered":"Priv\u0101tuma Politika"},"content":{"rendered":"\n<h2 class=\"wp-block-heading\"><\/h2>\n\n\n\n<p>\u0160\u012b Priv\u0101tuma politika ir izstr\u0101d\u0101ta, lai inform\u0113tu j\u016bs par to, k\u0101 <strong>FreshDesign.lv<\/strong> (turpm\u0101k tekst\u0101 \u2013 &#8220;m\u0113s&#8221;, &#8220;m\u016bsu&#8221;, &#8220;FreshDesign.lv&#8221;) v\u0101c, izmanto un aizsarg\u0101 j\u016bsu personas datus, izmantojot m\u016bsu pakalpojumus un t\u012bmek\u013ca vietni.<\/p>\n\n\n\n<h2 class=\"wp-block-heading\">Personas datu v\u0101k\u0161ana<\/h2>\n\n\n\n<p>M\u0113s v\u0101cam tikai tos personas datus, kas nepiecie\u0161ami m\u016bsu pakalpojumu nodro\u0161in\u0101\u0161anai. Personas dati, ko m\u0113s varam v\u0101kt, ietver, bet neaprobe\u017eojas ar:<\/p>\n\n\n\n<p>Cita inform\u0101cija, ko j\u016bs br\u012bvpr\u0101t\u012bgi sniedzat, izmantojot m\u016bsu t\u012bmek\u013ca vietni vai pakalpojumus.<\/p>\n\n\n\n<p>V\u0101rds, uzv\u0101rds<\/p>\n\n\n\n<p>E-pasta adrese<\/p>\n\n\n\n<p>T\u0101lru\u0146a numurs<\/p>\n\n\n\n<p>Komp\u0101nijas nosaukums<\/p>\n\n\n\n<h2 class=\"wp-block-heading\">K\u0101 m\u0113s izmantojam personas datus<\/h2>\n\n\n\n<p>M\u0113s izmantojam j\u016bsu personas datus \u0161\u0101diem m\u0113r\u0137iem:<\/p>\n\n\n\n<p>Lai iev\u0113rotu juridiskas saist\u012bbas, ja tas nepiecie\u0161ams.<\/p>\n\n\n\n<p>Lai nodro\u0161in\u0101tu pakalpojumus, kas tiek pied\u0101v\u0101ti m\u016bsu t\u012bmek\u013ca vietn\u0113.<\/p>\n\n\n\n<p>Lai sazin\u0101tos ar jums attiec\u012bb\u0101 uz j\u016bsu pas\u016bt\u012bjumiem vai piepras\u012bjumiem.<\/p>\n\n\n\n<p>Lai uzlabotu m\u016bsu pakalpojumus un t\u012bmek\u013ca vietni, izmantojot anon\u012bmus datus.<\/p>\n\n\n\n<h2 class=\"wp-block-heading\">Personas datu aizsardz\u012bba<\/h2>\n\n\n\n<p>M\u0113s iev\u0113rojam visus piem\u0113rojamos datu aizsardz\u012bbas likumus un izmantojam atbilsto\u0161us tehniskos un organizatoriskos pas\u0101kumus, lai nodro\u0161in\u0101tu j\u016bsu personas datu dro\u0161\u012bbu un aizsardz\u012bbu pret nesankcion\u0113tu piek\u013cuvi, izn\u012bcin\u0101\u0161anu vai izmai\u0146\u0101m.<\/p>\n\n\n\n<h2 class=\"wp-block-heading\">Datu glab\u0101\u0161ana<\/h2>\n\n\n\n<p>J\u016bsu personas dati tiek glab\u0101ti tik ilgi, cik tas ir nepiecie\u0161ams m\u016bsu pakalpojumu snieg\u0161anai vai kam\u0113r to glab\u0101\u0161ana ir atbilsto\u0161a m\u016bsu likum\u012bgaj\u0101m interes\u0113m un juridiskaj\u0101m saist\u012bb\u0101m.<\/p>\n\n\n\n<h2 class=\"wp-block-heading\">J\u016bsu ties\u012bbas attiec\u012bb\u0101 uz personas datiem<\/h2>\n\n\n\n<p>Jums ir ties\u012bbas:<\/p>\n\n\n\n<ul class=\"wp-block-list\">\n<li>Piepras\u012bt piek\u013cuvi saviem personas datiem.<\/li>\n\n\n\n<li>Piepras\u012bt labot vai dz\u0113st savus personas datus.<\/li>\n\n\n\n<li>Iebilst pret j\u016bsu personas datu apstr\u0101di.<\/li>\n\n\n\n<li>Ieg\u016bt inform\u0101ciju par to, k\u0101 m\u0113s apstr\u0101d\u0101jam j\u016bsu personas datus.<\/li>\n<\/ul>\n\n\n\n<p>Lai izmantotu \u0161\u012bs ties\u012bbas, l\u016bdzu, sazinieties ar mums, izmantojot kontaktinform\u0101ciju, kas nor\u0101d\u012bta zem\u0101k.<\/p>\n\n\n\n<h2 class=\"wp-block-heading\">S\u012bkdatnes<\/h2>\n\n\n\n<p>M\u0113s izmantojam s\u012bkdatnes, lai uzlabotu m\u016bsu t\u012bmek\u013ca vietnes lieto\u0161anas pieredzi. S\u012bkdatnes ir mazi faili, kas tiek ievietoti j\u016bsu ier\u012bc\u0113, lai analiz\u0113tu vietnes apmekl\u0113jumu vai uzlabotu t\u0101s darb\u012bbu. J\u016bs varat kontrol\u0113t s\u012bkdat\u0146u izmanto\u0161anu, mainot p\u0101rl\u016bkprogrammas iestat\u012bjumus.<\/p>\n\n\n\n<h2 class=\"wp-block-heading\">P\u0101rskats par priv\u0101tuma politiku<\/h2>\n\n\n\n<p>M\u0113s paturam ties\u012bbas atjaunin\u0101t \u0161o Priv\u0101tuma politiku jebkur\u0101 laik\u0101. Ja tiks veiktas b\u016btiskas izmai\u0146as, m\u0113s pazi\u0146osim par to m\u016bsu t\u012bmek\u013ca vietn\u0113 vai citos veidos, kas b\u016bs piem\u0113roti.<\/p>\n\n\n\n<h2 class=\"wp-block-heading\">Sazin\u0101ties ar mums<\/h2>\n\n\n\n<p><strong>FreshDesign.lv<\/strong><br>E-pasts: [info@freshdesign.lv]<br>Telefona numurs: [+371 22020977]<br><\/p>\n\n\n\n<p><\/p>\n","protected":false},"excerpt":{"rendered":"<p>\u0160\u012b Priv\u0101tuma politika ir izstr\u0101d\u0101ta, lai inform\u0113tu j\u016bs par to, k\u0101 FreshDesign.lv (turpm\u0101k tekst\u0101 \u2013 &#8220;m\u0113s&#8221;, &#8220;m\u016bsu&#8221;, &#8220;FreshDesign.lv&#8221;) v\u0101c, izmanto un aizsarg\u0101 j\u016bsu personas datus, izmantojot m\u016bsu pakalpojumus un t\u012bmek\u013ca vietni. Personas datu v\u0101k\u0161ana M\u0113s v\u0101cam tikai tos personas datus, kas nepiecie\u0161ami m\u016bsu pakalpojumu nodro\u0161in\u0101\u0161anai. Personas dati, ko m\u0113s varam v\u0101kt, ietver, bet neaprobe\u017eojas ar: [&hellip;]<\/p>\n","protected":false},"author":1,"featured_media":0,"parent":0,"menu_order":0,"comment_status":"closed","ping_status":"closed","template":"","meta":{"footnotes":""},"class_list":["post-989","page","type-page","status-publish","hentry"],"yoast_head":"<!-- This site is optimized with the Yoast SEO plugin v24.5 - https:\/\/yoast.com\/wordpress\/plugins\/seo\/ -->\n<title>Priv\u0101tuma Politika - Fresh Design<\/title>\n<meta name=\"robots\" content=\"index, follow, max-snippet:-1, max-image-preview:large, max-video-preview:-1\" \/>\n<link rel=\"canonical\" href=\"https:\/\/freshdesign.lv\/?page_id=989\" \/>\n<meta property=\"og:locale\" content=\"en_US\" \/>\n<meta property=\"og:type\" content=\"article\" \/>\n<meta property=\"og:title\" content=\"Priv\u0101tuma Politika - Fresh Design\" \/>\n<meta property=\"og:description\" content=\"\u0160\u012b Priv\u0101tuma politika ir izstr\u0101d\u0101ta, lai inform\u0113tu j\u016bs par to, k\u0101 FreshDesign.lv (turpm\u0101k tekst\u0101 \u2013 &#8220;m\u0113s&#8221;, &#8220;m\u016bsu&#8221;, &#8220;FreshDesign.lv&#8221;) v\u0101c, izmanto un aizsarg\u0101 j\u016bsu personas datus, izmantojot m\u016bsu pakalpojumus un t\u012bmek\u013ca vietni. Personas datu v\u0101k\u0161ana M\u0113s v\u0101cam tikai tos personas datus, kas nepiecie\u0161ami m\u016bsu pakalpojumu nodro\u0161in\u0101\u0161anai. Personas dati, ko m\u0113s varam v\u0101kt, ietver, bet neaprobe\u017eojas ar: [&hellip;]\" \/>\n<meta property=\"og:url\" content=\"https:\/\/freshdesign.lv\/?page_id=989\" \/>\n<meta property=\"og:site_name\" content=\"Fresh Design\" \/>\n<meta property=\"article:publisher\" content=\"https:\/\/www.facebook.com\/freshdesign.lv\" \/>\n<meta name=\"twitter:card\" content=\"summary_large_image\" \/>\n<meta name=\"twitter:label1\" content=\"Est. reading time\" \/>\n\t<meta name=\"twitter:data1\" content=\"2 minutes\" \/>\n<script type=\"application\/ld+json\" class=\"yoast-schema-graph\">{\"@context\":\"https:\/\/schema.org\",\"@graph\":[{\"@type\":\"WebPage\",\"@id\":\"https:\/\/freshdesign.lv\/?page_id=989\",\"url\":\"https:\/\/freshdesign.lv\/?page_id=989\",\"name\":\"Priv\u0101tuma Politika - Fresh Design\",\"isPartOf\":{\"@id\":\"https:\/\/freshdesign.lv\/#website\"},\"datePublished\":\"2025-03-02T19:35:22+00:00\",\"breadcrumb\":{\"@id\":\"https:\/\/freshdesign.lv\/?page_id=989#breadcrumb\"},\"inLanguage\":\"en-US\",\"potentialAction\":[{\"@type\":\"ReadAction\",\"target\":[\"https:\/\/freshdesign.lv\/?page_id=989\"]}]},{\"@type\":\"BreadcrumbList\",\"@id\":\"https:\/\/freshdesign.lv\/?page_id=989#breadcrumb\",\"itemListElement\":[{\"@type\":\"ListItem\",\"position\":1,\"name\":\"Home\",\"item\":\"https:\/\/freshdesign.lv\/\"},{\"@type\":\"ListItem\",\"position\":2,\"name\":\"Priv\u0101tuma Politika\"}]},{\"@type\":\"WebSite\",\"@id\":\"https:\/\/freshdesign.lv\/#website\",\"url\":\"https:\/\/freshdesign.lv\/\",\"name\":\"Fresh Design\",\"description\":\"Interior design studio\",\"publisher\":{\"@id\":\"https:\/\/freshdesign.lv\/#organization\"},\"potentialAction\":[{\"@type\":\"SearchAction\",\"target\":{\"@type\":\"EntryPoint\",\"urlTemplate\":\"https:\/\/freshdesign.lv\/?s={search_term_string}\"},\"query-input\":{\"@type\":\"PropertyValueSpecification\",\"valueRequired\":true,\"valueName\":\"search_term_string\"}}],\"inLanguage\":\"en-US\"},{\"@type\":\"Organization\",\"@id\":\"https:\/\/freshdesign.lv\/#organization\",\"name\":\"Fresh Design\",\"url\":\"https:\/\/freshdesign.lv\/\",\"logo\":{\"@type\":\"ImageObject\",\"inLanguage\":\"en-US\",\"@id\":\"https:\/\/freshdesign.lv\/#\/schema\/logo\/image\/\",\"url\":\"https:\/\/freshdesign.lv\/wp-content\/uploads\/2025\/02\/cropped-fresh-design-logo.png\",\"contentUrl\":\"https:\/\/freshdesign.lv\/wp-content\/uploads\/2025\/02\/cropped-fresh-design-logo.png\",\"width\":512,\"height\":512,\"caption\":\"Fresh Design\"},\"image\":{\"@id\":\"https:\/\/freshdesign.lv\/#\/schema\/logo\/image\/\"},\"sameAs\":[\"https:\/\/www.facebook.com\/freshdesign.lv\",\"https:\/\/www.instagram.com\/freshdesign.lv\/\",\"https:\/\/www.linkedin.com\/company\/fresh-design-lv\/posts\/?feedView=all\"]}]}<\/script>\n<!-- \/ Yoast SEO plugin. -->","yoast_head_json":{"title":"Priv\u0101tuma Politika - Fresh Design","robots":{"index":"index","follow":"follow","max-snippet":"max-snippet:-1","max-image-preview":"max-image-preview:large","max-video-preview":"max-video-preview:-1"},"canonical":"https:\/\/freshdesign.lv\/?page_id=989","og_locale":"en_US","og_type":"article","og_title":"Priv\u0101tuma Politika - Fresh Design","og_description":"\u0160\u012b Priv\u0101tuma politika ir izstr\u0101d\u0101ta, lai inform\u0113tu j\u016bs par to, k\u0101 FreshDesign.lv (turpm\u0101k tekst\u0101 \u2013 &#8220;m\u0113s&#8221;, &#8220;m\u016bsu&#8221;, &#8220;FreshDesign.lv&#8221;) v\u0101c, izmanto un aizsarg\u0101 j\u016bsu personas datus, izmantojot m\u016bsu pakalpojumus un t\u012bmek\u013ca vietni. Personas datu v\u0101k\u0161ana M\u0113s v\u0101cam tikai tos personas datus, kas nepiecie\u0161ami m\u016bsu pakalpojumu nodro\u0161in\u0101\u0161anai. Personas dati, ko m\u0113s varam v\u0101kt, ietver, bet neaprobe\u017eojas ar: [&hellip;]","og_url":"https:\/\/freshdesign.lv\/?page_id=989","og_site_name":"Fresh Design","article_publisher":"https:\/\/www.facebook.com\/freshdesign.lv","twitter_card":"summary_large_image","twitter_misc":{"Est. reading time":"2 minutes"},"schema":{"@context":"https:\/\/schema.org","@graph":[{"@type":"WebPage","@id":"https:\/\/freshdesign.lv\/?page_id=989","url":"https:\/\/freshdesign.lv\/?page_id=989","name":"Priv\u0101tuma Politika - Fresh Design","isPartOf":{"@id":"https:\/\/freshdesign.lv\/#website"},"datePublished":"2025-03-02T19:35:22+00:00","breadcrumb":{"@id":"https:\/\/freshdesign.lv\/?page_id=989#breadcrumb"},"inLanguage":"en-US","potentialAction":[{"@type":"ReadAction","target":["https:\/\/freshdesign.lv\/?page_id=989"]}]},{"@type":"BreadcrumbList","@id":"https:\/\/freshdesign.lv\/?page_id=989#breadcrumb","itemListElement":[{"@type":"ListItem","position":1,"name":"Home","item":"https:\/\/freshdesign.lv\/"},{"@type":"ListItem","position":2,"name":"Priv\u0101tuma Politika"}]},{"@type":"WebSite","@id":"https:\/\/freshdesign.lv\/#website","url":"https:\/\/freshdesign.lv\/","name":"Fresh Design","description":"Interior design studio","publisher":{"@id":"https:\/\/freshdesign.lv\/#organization"},"potentialAction":[{"@type":"SearchAction","target":{"@type":"EntryPoint","urlTemplate":"https:\/\/freshdesign.lv\/?s={search_term_string}"},"query-input":{"@type":"PropertyValueSpecification","valueRequired":true,"valueName":"search_term_string"}}],"inLanguage":"en-US"},{"@type":"Organization","@id":"https:\/\/freshdesign.lv\/#organization","name":"Fresh Design","url":"https:\/\/freshdesign.lv\/","logo":{"@type":"ImageObject","inLanguage":"en-US","@id":"https:\/\/freshdesign.lv\/#\/schema\/logo\/image\/","url":"https:\/\/freshdesign.lv\/wp-content\/uploads\/2025\/02\/cropped-fresh-design-logo.png","contentUrl":"https:\/\/freshdesign.lv\/wp-content\/uploads\/2025\/02\/cropped-fresh-design-logo.png","width":512,"height":512,"caption":"Fresh Design"},"image":{"@id":"https:\/\/freshdesign.lv\/#\/schema\/logo\/image\/"},"sameAs":["https:\/\/www.facebook.com\/freshdesign.lv","https:\/\/www.instagram.com\/freshdesign.lv\/","https:\/\/www.linkedin.com\/company\/fresh-design-lv\/posts\/?feedView=all"]}]}},"_links":{"self":[{"href":"https:\/\/freshdesign.lv\/index.php?rest_route=\/wp\/v2\/pages\/989","targetHints":{"allow":["GET"]}}],"collection":[{"href":"https:\/\/freshdesign.lv\/index.php?rest_route=\/wp\/v2\/pages"}],"about":[{"href":"https:\/\/freshdesign.lv\/index.php?rest_route=\/wp\/v2\/types\/page"}],"author":[{"embeddable":true,"href":"https:\/\/freshdesign.lv\/index.php?rest_route=\/wp\/v2\/users\/1"}],"replies":[{"embeddable":true,"href":"https:\/\/freshdesign.lv\/index.php?rest_route=%2Fwp%2Fv2%2Fcomments&post=989"}],"version-history":[{"count":1,"href":"https:\/\/freshdesign.lv\/index.php?rest_route=\/wp\/v2\/pages\/989\/revisions"}],"predecessor-version":[{"id":990,"href":"https:\/\/freshdesign.lv\/index.php?rest_route=\/wp\/v2\/pages\/989\/revisions\/990"}],"wp:attachment":[{"href":"https:\/\/freshdesign.lv\/index.php?rest_route=%2Fwp%2Fv2%2Fmedia&parent=989"}],"curies":[{"name":"wp","href":"https:\/\/api.w.org\/{rel}","templated":true}]}}